
{"id":2209,"date":"2024-02-20T19:37:01","date_gmt":"2024-02-20T19:37:01","guid":{"rendered":"https:\/\/thebuddhaproject.org\/faire-un-don\/"},"modified":"2025-05-01T08:17:06","modified_gmt":"2025-05-01T08:17:06","slug":"faire-un-don","status":"publish","type":"page","link":"https:\/\/thebuddhaproject.paultruong.dev\/fr\/faire-un-don\/","title":{"rendered":"Faire un don"},"content":{"rendered":"<div class=\"gb-container gb-container-3d4168b3\">\n\n<p class=\"has-yellow-1-color has-text-color has-link-color has-5-font-size wp-elements-e86d7f4b243530973843cda83aa86ad0\">Soutenez-nous dans notre objectif de b\u00e2tir une communaut\u00e9 mondiale de m\u00e9ditants, de d\u00e9velopper des outils pour leur soutien et d&#8217;aider ceux qui souffrent.<\/p>\n\n<\/div>\n<div class=\"wp-block-group has-global-padding is-layout-constrained wp-container-core-group-is-layout-7db9d80f wp-block-group-is-layout-constrained\" style=\"padding-right:0;padding-left:0\"><div\t\tclass=\"wp-block-advanced-columns-columns-9357fb21ffaa24bf49d3f73507fef309 wp-block-advanced-columns-columns\">\n\t\n<div\n\t\tstyle=\"border-width:1px;\" class=\"wp-block-advanced-columns-column-854f8d7de3abb58bca9e7f849d5776d0 wp-block-advanced-columns-column has-background has-yellow-2-background-color has-border-color has-blue-3-border-color\">\n\t\n\n<figure class=\"wp-block-image aligncenter size-large has-custom-border is-style-default\"><img loading=\"lazy\" decoding=\"async\" width=\"825\" height=\"1186\" src=\"https:\/\/thebuddhaproject.paultruong.dev\/wp-content\/uploads\/2024\/08\/deer-1.svg\" alt=\"\" class=\"wp-image-2553\" style=\"border-style:none;border-width:0px;border-radius:0px\"\/><\/figure>\n\n\n\n<p class=\"is-style-default has-black-2-color has-text-color has-link-color has-public-sans-font-family wp-elements-dc42b1f3bd71b06dbabb7cf662449c50\">Stichting The Buddha Project<br\/>IBAN: NL62 INGB 0104 5622 85<br\/>BIC\/SWIFT: INGBNL2A<br\/>ING Bank N.V.<br\/>Foreign Operations<br\/>PO Box 1800<br\/>1000 BV Amsterdam<\/p>\n\n\t\t<\/div>\n\n\n<div\n\t\tclass=\"wp-block-advanced-columns-column-103ea0505c43f54825932e8b649ebecd wp-block-advanced-columns-column\">\n\t\n\n                <form action=\"https:\/\/thebuddhaproject.paultruong.dev\/wp-admin\/admin-post.php\" method=\"post\" class=\"tbp-donation-form-block\">\n                <input type=\"hidden\" name=\"action\" value=\"tbp_handle_donation\" \/>\n        <input type=\"hidden\" name=\"thank_you_page\" value=2533 \/>\n        <input type=\"hidden\" name=\"tbp_handle_donation_nonce\" value=\"38b4d0d737\" \/>\n        <input type=\"hidden\" name=\"donation_purpose\" value=\"individual\" \/>\n\n        <div class=\"tbp-donation-form__fieldgroup tbp-donation-form__fieldgroup_stacked\">\n            <span class=\"tbp-donation-form__field tbp-donation-form__field_radio-buttons\">\n                <h2 class=\"tbp-donation-form__heading\"><span>1<\/span> Select Amount<\/h2>\n                <span class=\"tbp-donation-form__error-msg tbp-donation-form__error-msg_amount\"><\/span>\n                <span class=\"tbp-donation-form__field_radio-wrapper\">\n                                            <span class=\"tbp-donation-form__field_radio-button\">\n                            <input class=\"tbp-donation-form__input tbp-donation-form__input_radio tbp-donation-form__input_radio-amount\" type=\"radio\" id=\"amount20\" name=\"amount\" value=\"20\" \/>\n                            <label class=\"tbp-donation-form__label\" for=\"amount20\">\u20ac20<\/label>\n                        <\/span>\n                                            <span class=\"tbp-donation-form__field_radio-button\">\n                            <input class=\"tbp-donation-form__input tbp-donation-form__input_radio tbp-donation-form__input_radio-amount\" type=\"radio\" id=\"amount50\" name=\"amount\" value=\"50\" \/>\n                            <label class=\"tbp-donation-form__label\" for=\"amount50\">\u20ac50<\/label>\n                        <\/span>\n                                            <span class=\"tbp-donation-form__field_radio-button\">\n                            <input class=\"tbp-donation-form__input tbp-donation-form__input_radio tbp-donation-form__input_radio-amount\" type=\"radio\" id=\"amount100\" name=\"amount\" value=\"100\" \/>\n                            <label class=\"tbp-donation-form__label\" for=\"amount100\">\u20ac100<\/label>\n                        <\/span>\n                                        <span class=\"tbp-donation-form__field_radio-button\">\n                        <input class=\"tbp-donation-form__input tbp-donation-form__input_radio tbp-donation-form__input_radio-amount\" type=\"radio\" id=\"amountOther\" name=\"amount\" value=\"other\" \/>\n                        <label class=\"tbp-donation-form__label\" for=\"amountOther\">Other amount<\/label>\n                    <\/span>\n                <\/span>\n                <span class=\"tbp-donation-form__field tbp-donation-form__field_other-amount\">\n                    <label class=\"tbp-donation-form__label tbp-donation-form__label_text\" for=\"otherAmount\">Other amount<\/label>\n                    <span class=\"tbp-donation-form__error-msg tbp-donation-form__error-msg_otherAmount\"><\/span>\n                    <span class=\"tbp-donation-form__otherAmount-wrapper\">\n                        <span class=\"tbp-donation-form__otherAmount-currency\">\u20ac<\/span>\n                        <input class=\"tbp-donation-form__input tbp-donation-form__input_text tbp-donation-form__input_text-otherAmount\" type=\"text\" id=\"otherAmount\" name=\"otherAmount\" \/>\n                    <\/span>\n                <\/span>\n            <\/span>\n\n            <span class=\"tbp-donation-form__field tbp-donation-form__field_radio-buttons\">\n                <span class=\"tbp-donation-form__section-title\">Recurrence<\/span>\n                <span class=\"tbp-donation-form__error-msg tbp-donation-form__error-msg_recurrence\"><\/span>\n                <span class=\"tbp-donation-form__field_radio-wrapper\">\n                    \n                                            <span class=\"tbp-donation-form__field_radio-button\">\n                            <input class=\"tbp-donation-form__input tbp-donation-form__input_radio tbp-donation-form__input_radio-recurrence\" type=\"radio\" id=\"oneOff\" name=\"recurrence\" value=\"one-off\" \/>\n                            <label class=\"tbp-donation-form__label\" for=\"oneOff\">One off<\/label>\n                        <\/span>\n                    \n                    \n                                            <span class=\"tbp-donation-form__field_radio-button\">\n                            <input class=\"tbp-donation-form__input tbp-donation-form__input_radio tbp-donation-form__input_radio-recurrence\" type=\"radio\" id=\"recurringMonthly\" name=\"recurrence\" value=\"1 month\" \/>\n                            <label class=\"tbp-donation-form__label\" for=\"recurringMonthly\">Monthly<\/label>\n                        <\/span>\n                    \n                                            <span class=\"tbp-donation-form__field_radio-button\">\n                            <input class=\"tbp-donation-form__input tbp-donation-form__input_radio tbp-donation-form__input_radio-recurrence\" type=\"radio\" id=\"recurringQuarterly\" name=\"recurrence\" value=\"3 months\" \/>\n                            <label class=\"tbp-donation-form__label\" for=\"recurringQuarterly\">Quarterly<\/label>\n                        <\/span>\n                    \n                                            <span class=\"tbp-donation-form__field_radio-button\">\n                            <input class=\"tbp-donation-form__input tbp-donation-form__input_radio tbp-donation-form__input_radio-recurrence\" type=\"radio\" id=\"recurringYearly\" name=\"recurrence\" value=\"12 months\" \/>\n                            <label class=\"tbp-donation-form__label\" for=\"recurringYearly\">Yearly<\/label>\n                        <\/span>\n                                    <\/span>\n            <\/span>\n\n\n        <\/div>\n\n        <div class=\"tbp-donation-form__section\">\n            <h2 class=\"tbp-donation-form__heading\"><span>2<\/span> Your details<\/h2>\n            <div class=\"tbp-donation-form__fieldgroup\">\n                <span class=\"tbp-donation-form__field\">\n                    <label class=\"tbp-donation-form__label tbp-donation-form__label_text\" for=\"firstName\">First name<\/label>\n                    <span class=\"tbp-donation-form__error-msg tbp-donation-form__error-msg_firstName\"><\/span>\n                    <input class=\"tbp-donation-form__input tbp-donation-form__input_text\" type=\"text\" id=\"firstName\" name=\"firstName\" \/>\n                <\/span>\n                <span class=\"tbp-donation-form__field\">\n                    <label class=\"tbp-donation-form__label tbp-donation-form__label_text\" for=\"lastName\">Last name<\/label>\n                    <span class=\"tbp-donation-form__error-msg tbp-donation-form__error-msg_lastName\"><\/span>\n                    <input class=\"tbp-donation-form__input tbp-donation-form__input_text\" type=\"text\" id=\"lastName\" name=\"lastName\" \/>\n                <\/span>\n            <\/div>\n            <span class=\"tbp-donation-form__field_phone-number\">\n                <label for=\"tbp-phone-number\">Phone Number<\/label>\n                <input type=\"text\" id=\"tbp-phone-number\" name=\"tbp-phone-number\" tabindex=\"-1\" autocomplete=\"no\" \/>\n            <\/span>\n        <\/div>\n\n        <div class=\"tbp-donation-form__section\">\n            <div class=\"tbp-donation-form__fieldgroup\">\n                <span class=\"tbp-donation-form__field tbp-donation-form__field_stretch\">\n                    <label class=\"tbp-donation-form__label tbp-donation-form__label_text\" for=\"email\">Email address<\/label>\n                    <span class=\"tbp-donation-form__error-msg tbp-donation-form__error-msg_email\"><\/span>\n                    <input class=\"tbp-donation-form__input tbp-donation-form__input_text\" type=\"email\" id=\"email\" name=\"email\" \/>\n                <\/span>\n            <\/div>\n        <\/div>\n\n        <div class=\"tbp-donation-form__section\">\n            <div class=\"tbp-donation-form__fieldgroup\">\n                <span class=\"tbp-donation-form__field tbp-donation-form__field_stretch\">\n                    <label class=\"tbp-donation-form__label tbp-donation-form__label_text\" for=\"donorMessage\">Message (optional)<\/label>\n                    <textarea class=\"tbp-donation-form__input tbp-donation-form__input_textarea\" id=\"donorMessage\" name=\"donorMessage\" rows=\"10\"><\/textarea>\n                <\/span>\n            <\/div>\n        <\/div>\n\n        <div class=\"tbp-donation-form__section\">\n            <h2 class=\"tbp-donation-form__heading\"><span>3<\/span> Payment method<\/h2>\n            <span class=\"tbp-donation-form__field tbp-donation-form__field_radio-buttons\">\n                <span class=\"tbp-donation-form__error-msg tbp-donation-form__error-msg_paymentMethod\"><\/span>\n                <span class=\"tbp-donation-form__field_radio-wrapper tbp-donation-form__radio-wrapper_method\">\n                                            <span class=\"tbp-donation-form__field_radio-button tbp-donation-form__field_radio-button_ideal\">\n                            <input class=\"tbp-donation-form__input tbp-donation-form__input_radio tbp-donation-form__input_radio-payment-method\" type=\"radio\" id=\"paymentMethod-ideal\" name=\"paymentMethod\" value=\"ideal\" \/>\n                            <label class=\"tbp-donation-form__label tbp-donation-form__label_payment-methods\" for=\"paymentMethod-ideal\">\n                                <span>iDEAL | Wero<\/span>\n                            <\/label>\n                        <\/span>\n                                            <span class=\"tbp-donation-form__field_radio-button tbp-donation-form__field_radio-button_creditcard\">\n                            <input class=\"tbp-donation-form__input tbp-donation-form__input_radio tbp-donation-form__input_radio-payment-method\" type=\"radio\" id=\"paymentMethod-creditcard\" name=\"paymentMethod\" value=\"creditcard\" \/>\n                            <label class=\"tbp-donation-form__label tbp-donation-form__label_payment-methods\" for=\"paymentMethod-creditcard\">\n                                <span>Card<\/span>\n                            <\/label>\n                        <\/span>\n                                            <span class=\"tbp-donation-form__field_radio-button tbp-donation-form__field_radio-button_paypal\">\n                            <input class=\"tbp-donation-form__input tbp-donation-form__input_radio tbp-donation-form__input_radio-payment-method\" type=\"radio\" id=\"paymentMethod-paypal\" name=\"paymentMethod\" value=\"paypal\" \/>\n                            <label class=\"tbp-donation-form__label tbp-donation-form__label_payment-methods\" for=\"paymentMethod-paypal\">\n                                <span>PayPal<\/span>\n                            <\/label>\n                        <\/span>\n                                    <\/span>\n            <\/span>\n\n            <div id=\"tbp-mollie-component\" >\n                <div class=\"tbp-donation-form__field\">\n                    <label class=\"tbp-donation-form__label\" for=\"card-number\">Card number<\/label>\n                    <div id=\"card-number\"><\/div>\n                    <div id=\"card-number-error\"><\/div>\n                <\/div>\n                <div class=\"tbp-donation-form__field\">\n                    <label class=\"tbp-donation-form__label\" for=\"card-holder\">Card holder<\/label>\n                    <div id=\"card-holder\"><\/div>\n                    <div id=\"card-holder-error\"><\/div>\n                <\/div>\n                <div class=\"tbp-donation-form__field\">\n                    <label class=\"tbp-donation-form__label\" for=\"expiry-date\">Expiry date<\/label>\n                    <div id=\"expiry-date\"><\/div>\n                    <div id=\"expiry-date-error\"><\/div>\n                <\/div>\n                <div class=\"tbp-donation-form__field\">\n                    <label class=\"tbp-donation-form__label\" for=\"verification-code\">Verification code<\/label>\n                    <div id=\"verification-code\"><\/div>\n                    <div id=\"verification-code-error\"><\/div>\n                <\/div>\n            <\/div>\n        <\/div>\n\n        <input class=\"tbp-donation-form__button\" type=\"submit\" value=\"Donate\" \/>\n        <div class=\"tbp-donation-text-wrapper\">\n            <p class=\"tbp-donation-secure-text\">\n                <svg width=\"12\" height=\"12\" viewBox=\"0 0 12 12\" fill=\"none\" xmlns=\"http:\/\/www.w3.org\/2000\/svg\">\n                    <g clip-path=\"url(#clip0_3880_14948)\">\n                        <path d=\"M9.5 5.5H2.5C1.94772 5.5 1.5 5.94772 1.5 6.5V10C1.5 10.5523 1.94772 11 2.5 11H9.5C10.0523 11 10.5 10.5523 10.5 10V6.5C10.5 5.94772 10.0523 5.5 9.5 5.5Z\" stroke=\"#695A5A\" stroke-width=\"2\" stroke-linecap=\"round\" stroke-linejoin=\"round\" \/>\n                        <path d=\"M3.5 5.5V3.5C3.5 2.83696 3.76339 2.20107 4.23223 1.73223C4.70107 1.26339 5.33696 1 6 1C6.66304 1 7.29893 1.26339 7.76777 1.73223C8.23661 2.20107 8.5 2.83696 8.5 3.5V5.5\" stroke=\"#695A5A\" stroke-width=\"2\" stroke-linecap=\"round\" stroke-linejoin=\"round\" \/>\n                    <\/g>\n                    <defs>\n                        <clipPath id=\"clip0_3880_14948\">\n                            <rect width=\"12\" height=\"12\" fill=\"white\" \/>\n                        <\/clipPath>\n                    <\/defs>\n                <\/svg>\n                Secure SSL Encrypted Payment\n            <\/p>\n            <div class=\"tbp-donation-footer-text\"><\/div>\n        <\/div>\n            <\/form>\n\n\t\t<\/div>\n\n\t\t<\/div>\n<\/div>\n<div class=\"gb-container gb-container-e297b3b0\">\n\n<p class=\"has-text-align-center has-black-3-color has-text-color has-link-color wp-elements-bbab1460fc41010a920c463fe921cd9b\">Stichting the Buddha Project est une organisation d&#8217;utilit\u00e9 publique (ANBI). <br\/>Cela signifie que votre don peut \u00eatre <u><a href=\"https:\/\/www.belastingdienst.nl\/wps\/wcm\/connect\/bldcontentnl\/belastingdienst\/prive\/inkomstenbelasting\/aftrekposten\/persoonsgebonden-aftrek\/giften_aan_goede_doelen\/\" target=\"_blank\" rel=\"noreferrer noopener\">d\u00e9duit de l&#8217;imp\u00f4t sur le revenu<\/a><\/u> aux Pays-Bas.<br\/><\/p>\n\n<\/div>\n<div style=\"height:200px\" aria-hidden=\"true\" class=\"wp-block-spacer\"><\/div>\n","protected":false},"excerpt":{"rendered":"<p>Soutenez-nous dans notre objectif de b\u00e2tir une communaut\u00e9 mondiale de m\u00e9ditants, de d\u00e9velopper des outils pour leur soutien et d&#8217;aider ceux qui souffrent. Stichting the Buddha Project est une organisation d&#8217;utilit\u00e9 publique (ANBI). Cela signifie que votre don peut \u00eatre d\u00e9duit de l&#8217;imp\u00f4t sur le revenu aux Pays-Bas.<\/p>\n","protected":false},"author":1,"featured_media":0,"parent":0,"menu_order":0,"comment_status":"closed","ping_status":"closed","template":"template-landing.php","meta":{"_acf_changed":false,"_bbp_topic_count":0,"_bbp_reply_count":0,"_bbp_total_topic_count":0,"_bbp_total_reply_count":0,"_bbp_voice_count":0,"_bbp_anonymous_reply_count":0,"_bbp_topic_count_hidden":0,"_bbp_reply_count_hidden":0,"_bbp_forum_subforum_count":0,"footnotes":""},"class_list":["post-2209","page","type-page","status-publish","hentry"],"acf":[],"_links":{"self":[{"href":"https:\/\/thebuddhaproject.paultruong.dev\/fr\/wp-json\/wp\/v2\/pages\/2209","targetHints":{"allow":["GET"]}}],"collection":[{"href":"https:\/\/thebuddhaproject.paultruong.dev\/fr\/wp-json\/wp\/v2\/pages"}],"about":[{"href":"https:\/\/thebuddhaproject.paultruong.dev\/fr\/wp-json\/wp\/v2\/types\/page"}],"author":[{"embeddable":true,"href":"https:\/\/thebuddhaproject.paultruong.dev\/fr\/wp-json\/wp\/v2\/users\/1"}],"replies":[{"embeddable":true,"href":"https:\/\/thebuddhaproject.paultruong.dev\/fr\/wp-json\/wp\/v2\/comments?post=2209"}],"version-history":[{"count":0,"href":"https:\/\/thebuddhaproject.paultruong.dev\/fr\/wp-json\/wp\/v2\/pages\/2209\/revisions"}],"wp:attachment":[{"href":"https:\/\/thebuddhaproject.paultruong.dev\/fr\/wp-json\/wp\/v2\/media?parent=2209"}],"curies":[{"name":"wp","href":"https:\/\/api.w.org\/{rel}","templated":true}]}}